{"id":2,"date":"2024-10-11T11:50:49","date_gmt":"2024-10-11T09:50:49","guid":{"rendered":"https:\/\/cpnc-avocats.fr\/?page_id=2"},"modified":"2024-10-11T11:50:49","modified_gmt":"2024-10-11T09:50:49","slug":"page-d-exemple","status":"publish","type":"page","link":"https:\/\/cpncavocats.com\/zh\/page-d-exemple\/","title":{"rendered":"\u9875\u9762\u793a\u4f8b"},"content":{"rendered":"<p>\u8fd9\u662f\u4e00\u4e2a\u793a\u4f8b\u9875\u9762\u3002\u5b83\u4e0d\u540c\u4e8e\u535a\u6587\uff0c\u56e0\u4e3a\u5b83\u5c06\u4fdd\u7559\u5728\u540c\u4e00\u4f4d\u7f6e\uff0c\u5e76\u51fa\u73b0\u5728\u7f51\u7ad9\u5bfc\u822a\u4e2d\uff08\u5728\u5927\u591a\u6570\u4e3b\u9898\u4e2d\uff09\u3002\u5927\u591a\u6570\u4eba\u90fd\u4f1a\u4ece \"\u5173\u4e8e \"\u9875\u9762\u5f00\u59cb\uff0c\u5411\u8bbf\u95ee\u7f51\u7ad9\u7684\u4eba\u4ecb\u7ecd\u81ea\u5df1\u3002\u5b83\u53ef\u80fd\u770b\u8d77\u6765\u50cf\u8fd9\u6837<\/p>\n\n\n\n<blockquote class=\"wp-block-quote is-layout-flow wp-block-quote-is-layout-flow\"><p>\u4f60\u597d \uff01\u6211\u662f\u4e00\u540d\u60f3\u6210\u4e3a\u6f14\u5458\u7684\u673a\u68b0\u5e08\uff0c\u8fd9\u662f\u6211\u7684\u7f51\u7ad9\u3002\u6211\u4f4f\u5728\u6ce2\u5c14\u591a\uff0c\u517b\u4e86\u4e00\u6761\u540d\u53eb\u7f57\u7d20\u7684\u597d\u72d7\uff0c\u559c\u6b22\u4f0f\u7279\u52a0\uff08\u4e5f\u559c\u6b22\u5728\u65e5\u843d\u65f6\u5206\u6f2b\u6b65\u6d77\u6ee9\u65f6\u88ab\u7a81\u5982\u5176\u6765\u7684\u5927\u96e8\u5413\u4e00\u8df3\uff09\u3002<\/p><\/blockquote>\n\n\n\n<p>......\u6216\u7c7b\u4f3c\u7684\u4e1c\u897f\uff1a<\/p>\n\n\n\n<blockquote class=\"wp-block-quote is-layout-flow wp-block-quote-is-layout-flow\"><p>123 Machin Truc \u6210\u7acb\u4e8e 1971 \u5e74\uff0c\u4ece\u90a3\u65f6\u8d77\u5c31\u4e00\u76f4\u4e3a\u516c\u4f17\u63d0\u4f9b\u9ad8\u8d28\u91cf\u7684\u73a9\u610f\u513f\u3002123 Machin Truc \u4f4d\u4e8e Saint-Remy-en-Bouzemont-Saint-Genest-et-Isson \u5e02\uff0c\u62e5\u6709 2,000 \u540d\u5458\u5de5\uff0c\u4e3a\u5e03\u6cfd\u8499\u793e\u533a\u751f\u4ea7\u5404\u79cd\u5f88\u9177\u7684\u4ea7\u54c1\u3002<\/p><\/blockquote>\n\n\n\n<p>\u4f5c\u4e3a WordPress \u7684\u65b0\u7528\u6237\uff0c\u60a8\u5e94\u8be5\u8bbf\u95ee <a href=\"https:\/\/cpncavocats.com\/wp-admin\/\">\u60a8\u7684\u4eea\u8868\u76d8<\/a> \u5220\u9664\u6b64\u9875\u9762\uff0c\u5e76\u4e3a\u60a8\u7684\u5185\u5bb9\u521b\u5efa\u65b0\u7684\u9875\u9762\u3002\u73a9\u5f97\u5f00\u5fc3<\/p>","protected":false},"excerpt":{"rendered":"<p>Ceci est une page d\u2019exemple. C\u2019est diff\u00e9rent d\u2019un article de blog parce qu\u2019elle restera au m\u00eame endroit et appara\u00eetra dans la navigation de votre site (dans la plupart des th\u00e8mes). La plupart des gens commencent par une page \u00ab\u00a0\u00c0 propos\u00a0\u00bb qui les pr\u00e9sente aux personnes visitant le site. Cela pourrait ressembler \u00e0 quelque chose comme [&hellip;]<\/p>\n","protected":false},"author":1,"featured_media":0,"parent":0,"menu_order":0,"comment_status":"closed","ping_status":"closed","template":"","meta":{"footnotes":""},"class_list":["post-2","page","type-page","status-publish","hentry"],"yoast_head":"<!-- This site is optimized with the Yoast SEO plugin v27.4 - https:\/\/yoast.com\/product\/yoast-seo-wordpress\/ -->\n<title>Page d\u2019exemple - cpnc avocats<\/title>\n<meta name=\"robots\" content=\"index, follow, max-snippet:-1, max-image-preview:large, max-video-preview:-1\" \/>\n<link rel=\"canonical\" href=\"https:\/\/cpncavocats.com\/zh\/page-d-exemple\/\" \/>\n<meta property=\"og:locale\" content=\"zh_CN\" \/>\n<meta property=\"og:type\" content=\"article\" \/>\n<meta property=\"og:title\" content=\"Page d\u2019exemple - cpnc avocats\" \/>\n<meta property=\"og:description\" content=\"Ceci est une page d\u2019exemple. C\u2019est diff\u00e9rent d\u2019un article de blog parce qu\u2019elle restera au m\u00eame endroit et appara\u00eetra dans la navigation de votre site (dans la plupart des th\u00e8mes). La plupart des gens commencent par une page \u00ab\u00a0\u00c0 propos\u00a0\u00bb qui les pr\u00e9sente aux personnes visitant le site. Cela pourrait ressembler \u00e0 quelque chose comme [&hellip;]\" \/>\n<meta property=\"og:url\" content=\"https:\/\/cpncavocats.com\/zh\/page-d-exemple\/\" \/>\n<meta property=\"og:site_name\" content=\"cpnc avocats\" \/>\n<meta name=\"twitter:card\" content=\"summary_large_image\" \/>\n<meta name=\"twitter:label1\" content=\"\u9884\u8ba1\u9605\u8bfb\u65f6\u95f4\" \/>\n\t<meta name=\"twitter:data1\" content=\"1 \u5206\" \/>\n<script type=\"application\/ld+json\" class=\"yoast-schema-graph\">{\"@context\":\"https:\\\/\\\/schema.org\",\"@graph\":[{\"@type\":\"WebPage\",\"@id\":\"https:\\\/\\\/cpncavocats.com\\\/page-d-exemple\\\/\",\"url\":\"https:\\\/\\\/cpncavocats.com\\\/page-d-exemple\\\/\",\"name\":\"Page d\u2019exemple - cpnc avocats\",\"isPartOf\":{\"@id\":\"https:\\\/\\\/cpncavocats.com\\\/#website\"},\"datePublished\":\"2024-10-11T09:50:49+00:00\",\"breadcrumb\":{\"@id\":\"https:\\\/\\\/cpncavocats.com\\\/page-d-exemple\\\/#breadcrumb\"},\"inLanguage\":\"zh-Hans\",\"potentialAction\":[{\"@type\":\"ReadAction\",\"target\":[\"https:\\\/\\\/cpncavocats.com\\\/page-d-exemple\\\/\"]}]},{\"@type\":\"BreadcrumbList\",\"@id\":\"https:\\\/\\\/cpncavocats.com\\\/page-d-exemple\\\/#breadcrumb\",\"itemListElement\":[{\"@type\":\"ListItem\",\"position\":1,\"name\":\"Accueil\",\"item\":\"https:\\\/\\\/cpncavocats.com\\\/\"},{\"@type\":\"ListItem\",\"position\":2,\"name\":\"Page d\u2019exemple\"}]},{\"@type\":\"WebSite\",\"@id\":\"https:\\\/\\\/cpncavocats.com\\\/#website\",\"url\":\"https:\\\/\\\/cpncavocats.com\\\/\",\"name\":\"cpnc avocats\",\"description\":\"CPNC AVOCATS\",\"potentialAction\":[{\"@type\":\"SearchAction\",\"target\":{\"@type\":\"EntryPoint\",\"urlTemplate\":\"https:\\\/\\\/cpncavocats.com\\\/?s={search_term_string}\"},\"query-input\":{\"@type\":\"PropertyValueSpecification\",\"valueRequired\":true,\"valueName\":\"search_term_string\"}}],\"inLanguage\":\"zh-Hans\"}]}<\/script>\n<!-- \/ Yoast SEO plugin. -->","yoast_head_json":{"title":"Page d\u2019exemple - cpnc avocats","robots":{"index":"index","follow":"follow","max-snippet":"max-snippet:-1","max-image-preview":"max-image-preview:large","max-video-preview":"max-video-preview:-1"},"canonical":"https:\/\/cpncavocats.com\/zh\/page-d-exemple\/","og_locale":"zh_CN","og_type":"article","og_title":"Page d\u2019exemple - cpnc avocats","og_description":"Ceci est une page d\u2019exemple. C\u2019est diff\u00e9rent d\u2019un article de blog parce qu\u2019elle restera au m\u00eame endroit et appara\u00eetra dans la navigation de votre site (dans la plupart des th\u00e8mes). La plupart des gens commencent par une page \u00ab\u00a0\u00c0 propos\u00a0\u00bb qui les pr\u00e9sente aux personnes visitant le site. Cela pourrait ressembler \u00e0 quelque chose comme [&hellip;]","og_url":"https:\/\/cpncavocats.com\/zh\/page-d-exemple\/","og_site_name":"cpnc avocats","twitter_card":"summary_large_image","twitter_misc":{"\u9884\u8ba1\u9605\u8bfb\u65f6\u95f4":"1 \u5206"},"schema":{"@context":"https:\/\/schema.org","@graph":[{"@type":"WebPage","@id":"https:\/\/cpncavocats.com\/page-d-exemple\/","url":"https:\/\/cpncavocats.com\/page-d-exemple\/","name":"Page d\u2019exemple - cpnc avocats","isPartOf":{"@id":"https:\/\/cpncavocats.com\/#website"},"datePublished":"2024-10-11T09:50:49+00:00","breadcrumb":{"@id":"https:\/\/cpncavocats.com\/page-d-exemple\/#breadcrumb"},"inLanguage":"zh-Hans","potentialAction":[{"@type":"ReadAction","target":["https:\/\/cpncavocats.com\/page-d-exemple\/"]}]},{"@type":"BreadcrumbList","@id":"https:\/\/cpncavocats.com\/page-d-exemple\/#breadcrumb","itemListElement":[{"@type":"ListItem","position":1,"name":"Accueil","item":"https:\/\/cpncavocats.com\/"},{"@type":"ListItem","position":2,"name":"Page d\u2019exemple"}]},{"@type":"WebSite","@id":"https:\/\/cpncavocats.com\/#website","url":"https:\/\/cpncavocats.com\/","name":"cpnc avocats","description":"CPNC AVOCATS","potentialAction":[{"@type":"SearchAction","target":{"@type":"EntryPoint","urlTemplate":"https:\/\/cpncavocats.com\/?s={search_term_string}"},"query-input":{"@type":"PropertyValueSpecification","valueRequired":true,"valueName":"search_term_string"}}],"inLanguage":"zh-Hans"}]}},"_links":{"self":[{"href":"https:\/\/cpncavocats.com\/zh\/wp-json\/wp\/v2\/pages\/2","targetHints":{"allow":["GET"]}}],"collection":[{"href":"https:\/\/cpncavocats.com\/zh\/wp-json\/wp\/v2\/pages"}],"about":[{"href":"https:\/\/cpncavocats.com\/zh\/wp-json\/wp\/v2\/types\/page"}],"author":[{"embeddable":true,"href":"https:\/\/cpncavocats.com\/zh\/wp-json\/wp\/v2\/users\/1"}],"replies":[{"embeddable":true,"href":"https:\/\/cpncavocats.com\/zh\/wp-json\/wp\/v2\/comments?post=2"}],"version-history":[{"count":0,"href":"https:\/\/cpncavocats.com\/zh\/wp-json\/wp\/v2\/pages\/2\/revisions"}],"wp:attachment":[{"href":"https:\/\/cpncavocats.com\/zh\/wp-json\/wp\/v2\/media?parent=2"}],"curies":[{"name":"wp","href":"https:\/\/api.w.org\/{rel}","templated":true}]}}