{"id":10118,"date":"2025-01-14T14:29:26","date_gmt":"2025-01-14T13:29:26","guid":{"rendered":"https:\/\/cpnc-avocats.fr\/?page_id=10118"},"modified":"2025-02-11T15:46:04","modified_gmt":"2025-02-11T14:46:04","slug":"mentions-legales-2","status":"publish","type":"page","link":"https:\/\/cpncavocats.com\/en\/mentions-legales-2\/","title":{"rendered":"Legal information"},"content":{"rendered":"<div data-elementor-type=\"wp-page\" data-elementor-id=\"10118\" class=\"elementor elementor-10118\">\n\t\t\t\t<div class=\"elementor-element elementor-element-ccceab9 e-flex e-con-boxed e-con e-parent\" data-id=\"ccceab9\" data-element_type=\"container\" data-e-type=\"container\">\n\t\t\t\t\t<div class=\"e-con-inner\">\n\t\t\t\t<div class=\"elementor-element elementor-element-96892d3 elementor-widget elementor-widget-heading\" data-id=\"96892d3\" data-element_type=\"widget\" data-e-type=\"widget\" data-widget_type=\"heading.default\">\n\t\t\t\t<div class=\"elementor-widget-container\">\n\t\t\t\t\t<h2 class=\"elementor-heading-title elementor-size-default\">Legal information<\/h2>\t\t\t\t<\/div>\n\t\t\t\t<\/div>\n\t\t\t\t\t<\/div>\n\t\t\t\t<\/div>\n\t\t<div class=\"elementor-element elementor-element-ed3abd7 e-flex e-con-boxed e-con e-parent\" data-id=\"ed3abd7\" data-element_type=\"container\" data-e-type=\"container\">\n\t\t\t\t\t<div class=\"e-con-inner\">\n\t\t\t\t<div class=\"elementor-element elementor-element-4e89403 elementor-widget__width-initial elementor-widget elementor-widget-text-editor\" data-id=\"4e89403\" data-element_type=\"widget\" data-e-type=\"widget\" data-widget_type=\"text-editor.default\">\n\t\t\t\t<div class=\"elementor-widget-container\">\n\t\t\t\t\t\t\t\t\t<p><span style=\"color: #000000;\">Legal information<\/span><\/p><p><span style=\"color: #000000;\">Continued browsing of this site implies unreserved acceptance of the following provisions and conditions of use. The version of these conditions of use currently online is the only version that can be invoked throughout the period of use of the site and until a new version replaces it.<\/span><\/p><p><span style=\"color: #000000;\">Site :<\/span><\/p><p><span style=\"color: #000000;\">Owner: 2-2021.\u00a0<a style=\"color: #000000;\" href=\"https:\/\/www.societe.com\/societe\/cpnc-avocats-907816979.html#__dirigeants\"><strong>Nicolas CHAIGNEAU<\/strong><\/a>\u00a0and\u00a0<a style=\"color: #000000;\" href=\"https:\/\/www.societe.com\/societe\/cpnc-avocats-907816979.html#__dirigeants\"><strong>Christophe RODRIGUES - PEREIRE<\/strong><\/a>CPNC Avocats<\/span><\/p><p><span style=\"color: #000000;\">SIRET: 90781697900013<\/span><\/p><p><span style=\"color: #000000;\">Registered office address : <a style=\"color: #000000;\" href=\"https:\/\/www.societe.com\/entreprises\/18_RUE%20DE%20MARIGNAN\/75008_PARIS.html\">18 RUE DE MARIGNAN 75008 PARIS<\/a><\/span><\/p><p><span style=\"color: #000000;\">Activities: Legal activities (6910Z)<\/span><\/p><p><span style=\"color: #000000;\">Designer : Agence Germain<\/span><\/p><p><span style=\"color: #000000;\">Contact: 01 83 63 98 76 - contact@agence-germain.fr<\/span><\/p><p><span style=\"color: #000000;\">Person responsible for publication (natural or legal person): CPNC Avocats<\/span><\/p><p><span style=\"color: #000000;\">Data Protection Officer: CPNC Avocats<\/span><\/p><p><span style=\"color: #000000;\">Webmaster: Agence Germain<\/span><\/p><p><span style=\"color: #000000;\">Host: OVH, a company registered with the Lille Trade and Companies Register under number 537 407 926, located at 2, rue Kellermann, 59100 Roubaix.<\/span><\/p><p><span style=\"color: #000000;\">Site access<\/span><\/p><p><span style=\"color: #000000;\">Access to and use of the site are strictly for personal use. You undertake not to use this site or the information or data it contains for commercial, political or advertising purposes or for any form of commercial solicitation, in particular the sending of unsolicited e-mails.<\/span><\/p><p><span style=\"color: #000000;\">Site content<\/span><\/p><p><span style=\"color: #000000;\">The general structure of the Site, as well as all the trademarks, photographs, texts, articles, comments, illustrations, images (animated or not), video sequences, sounds, as well as all the computer applications that may be used to operate this site and more generally all the elements reproduced or used on the site are protected by the intellectual property laws in force.<\/span><\/p><p><span style=\"color: #000000;\">They are the full and entire property of the publisher or its partners. Any reproduction, representation, use or adaptation, in any form whatsoever, of all or part of these elements, including computer applications, without the prior written consent of the publisher, is strictly prohibited. The fact that the publisher does not initiate proceedings as soon as it becomes aware of such unauthorised use does not constitute acceptance of the said use and waiver of legal action.<\/span><\/p><p><span style=\"color: #000000;\">Protection of personal data<\/span><\/p><p><span style=\"color: #000000;\">Our site mainly uses functional cookies. In other words, the data likely to be collected is used solely to give you access to certain essential features of the site (such as the GOOGLE MAP map, secure contact forms via re-CAPTCHA by GOOGLE and video playback via VIMEO).<\/span><\/p><p><span style=\"color: #000000;\">These services (GOOGLE and VIMEO) may collect some of your personal data such as your preferences and interests in order to personalise advertisements or other videos suggested outside our website. They may also collect information about your IP address, your mobile network, the device and browser you are using in order to identify you temporarily and differentiate you from a robot.<\/span><\/p><p><span style=\"color: #000000;\">In addition, the Site allows you to contact the CPNC Avocats team. The information about you transmitted on this occasion is intended only for the CPNC Avocats team and may not be transmitted to third parties without your consent. These data allow us to respond to you efficiently and have a legitimate interest so that your experience on our site is optimal.<\/span><\/p><p><span style=\"color: #000000;\">This site does not use any advertising displays or traffic tracking tools.<\/span><\/p><p><span style=\"color: #000000;\">Your information is kept for 2 years. You can ask us to delete your personal information at any time. To do so, simply contact us by e-mail. We will reply within 1 month and implement your request.<\/span><\/p><p><span style=\"color: #000000;\">Applicable law<\/span><\/p><p><span style=\"color: #000000;\">These conditions of use of the site are governed by French law and are subject to the jurisdiction of the courts of Paris, subject to any specific jurisdiction arising from a particular legal or regulatory text.<\/span><\/p><p><span style=\"color: #000000;\">Contact us<\/span><\/p><p><span style=\"color: #000000;\">If you have any questions or require information about the services presented on the site, or about the site itself, you can leave a message at the following address: <a href=\"mailto:nc@cpncavocats.com\">nc@cpncavocats.com<\/a><\/span><\/p>\t\t\t\t\t\t\t\t<\/div>\n\t\t\t\t<\/div>\n\t\t\t\t\t<\/div>\n\t\t\t\t<\/div>\n\t\t\t\t<\/div>","protected":false},"excerpt":{"rendered":"<p>Mentions l\u00e9gales Informations l\u00e9gales La poursuite de la navigation sur ce site vaut acceptation sans r\u00e9serve des dispositions et conditions d\u2019utilisation qui suivent. La version actuellement en ligne de ces conditions d\u2019utilisation est la seule opposable pendant toute la dur\u00e9e d\u2019utilisation du site et jusqu\u2019\u00e0 ce qu\u2019une nouvelle version la remplace. Site\u00a0: Propri\u00e9taire\u00a0: 2-2021.\u00a0Nicolas CHAIGNEAU\u00a0et\u00a0Christophe [&hellip;]<\/p>\n","protected":false},"author":1,"featured_media":0,"parent":0,"menu_order":0,"comment_status":"closed","ping_status":"closed","template":"","meta":{"footnotes":""},"class_list":["post-10118","page","type-page","status-publish","hentry"],"yoast_head":"<!-- This site is optimized with the Yoast SEO plugin v27.3 - https:\/\/yoast.com\/product\/yoast-seo-wordpress\/ -->\n<title>Mentions L\u00e9gales - cpnc avocats<\/title>\n<meta name=\"robots\" content=\"index, follow, max-snippet:-1, max-image-preview:large, max-video-preview:-1\" \/>\n<link rel=\"canonical\" href=\"https:\/\/cpncavocats.com\/en\/mentions-legales-2\/\" \/>\n<meta property=\"og:locale\" content=\"en_GB\" \/>\n<meta property=\"og:type\" content=\"article\" \/>\n<meta property=\"og:title\" content=\"Mentions L\u00e9gales - cpnc avocats\" \/>\n<meta property=\"og:description\" content=\"Mentions l\u00e9gales Informations l\u00e9gales La poursuite de la navigation sur ce site vaut acceptation sans r\u00e9serve des dispositions et conditions d\u2019utilisation qui suivent. La version actuellement en ligne de ces conditions d\u2019utilisation est la seule opposable pendant toute la dur\u00e9e d\u2019utilisation du site et jusqu\u2019\u00e0 ce qu\u2019une nouvelle version la remplace. Site\u00a0: Propri\u00e9taire\u00a0: 2-2021.\u00a0Nicolas CHAIGNEAU\u00a0et\u00a0Christophe [&hellip;]\" \/>\n<meta property=\"og:url\" content=\"https:\/\/cpncavocats.com\/en\/mentions-legales-2\/\" \/>\n<meta property=\"og:site_name\" content=\"cpnc avocats\" \/>\n<meta property=\"article:modified_time\" content=\"2025-02-11T14:46:04+00:00\" \/>\n<meta name=\"twitter:card\" content=\"summary_large_image\" \/>\n<meta name=\"twitter:label1\" content=\"Estimated reading time\" \/>\n\t<meta name=\"twitter:data1\" content=\"4 minutes\" \/>\n<script type=\"application\/ld+json\" class=\"yoast-schema-graph\">{\"@context\":\"https:\\\/\\\/schema.org\",\"@graph\":[{\"@type\":\"WebPage\",\"@id\":\"https:\\\/\\\/cpncavocats.com\\\/mentions-legales-2\\\/\",\"url\":\"https:\\\/\\\/cpncavocats.com\\\/mentions-legales-2\\\/\",\"name\":\"Mentions L\u00e9gales - cpnc avocats\",\"isPartOf\":{\"@id\":\"https:\\\/\\\/cpncavocats.com\\\/#website\"},\"datePublished\":\"2025-01-14T13:29:26+00:00\",\"dateModified\":\"2025-02-11T14:46:04+00:00\",\"breadcrumb\":{\"@id\":\"https:\\\/\\\/cpncavocats.com\\\/mentions-legales-2\\\/#breadcrumb\"},\"inLanguage\":\"en-GB\",\"potentialAction\":[{\"@type\":\"ReadAction\",\"target\":[\"https:\\\/\\\/cpncavocats.com\\\/mentions-legales-2\\\/\"]}]},{\"@type\":\"BreadcrumbList\",\"@id\":\"https:\\\/\\\/cpncavocats.com\\\/mentions-legales-2\\\/#breadcrumb\",\"itemListElement\":[{\"@type\":\"ListItem\",\"position\":1,\"name\":\"Accueil\",\"item\":\"https:\\\/\\\/cpncavocats.com\\\/\"},{\"@type\":\"ListItem\",\"position\":2,\"name\":\"Mentions L\u00e9gales\"}]},{\"@type\":\"WebSite\",\"@id\":\"https:\\\/\\\/cpncavocats.com\\\/#website\",\"url\":\"https:\\\/\\\/cpncavocats.com\\\/\",\"name\":\"cpnc avocats\",\"description\":\"CPNC AVOCATS\",\"potentialAction\":[{\"@type\":\"SearchAction\",\"target\":{\"@type\":\"EntryPoint\",\"urlTemplate\":\"https:\\\/\\\/cpncavocats.com\\\/?s={search_term_string}\"},\"query-input\":{\"@type\":\"PropertyValueSpecification\",\"valueRequired\":true,\"valueName\":\"search_term_string\"}}],\"inLanguage\":\"en-GB\"}]}<\/script>\n<!-- \/ Yoast SEO plugin. -->","yoast_head_json":{"title":"Legal Notice - cpnc avocats","robots":{"index":"index","follow":"follow","max-snippet":"max-snippet:-1","max-image-preview":"max-image-preview:large","max-video-preview":"max-video-preview:-1"},"canonical":"https:\/\/cpncavocats.com\/en\/mentions-legales-2\/","og_locale":"en_GB","og_type":"article","og_title":"Mentions L\u00e9gales - cpnc avocats","og_description":"Mentions l\u00e9gales Informations l\u00e9gales La poursuite de la navigation sur ce site vaut acceptation sans r\u00e9serve des dispositions et conditions d\u2019utilisation qui suivent. La version actuellement en ligne de ces conditions d\u2019utilisation est la seule opposable pendant toute la dur\u00e9e d\u2019utilisation du site et jusqu\u2019\u00e0 ce qu\u2019une nouvelle version la remplace. Site\u00a0: Propri\u00e9taire\u00a0: 2-2021.\u00a0Nicolas CHAIGNEAU\u00a0et\u00a0Christophe [&hellip;]","og_url":"https:\/\/cpncavocats.com\/en\/mentions-legales-2\/","og_site_name":"cpnc avocats","article_modified_time":"2025-02-11T14:46:04+00:00","twitter_card":"summary_large_image","twitter_misc":{"Estimated reading time":"4 minutes"},"schema":{"@context":"https:\/\/schema.org","@graph":[{"@type":"WebPage","@id":"https:\/\/cpncavocats.com\/mentions-legales-2\/","url":"https:\/\/cpncavocats.com\/mentions-legales-2\/","name":"Legal Notice - cpnc avocats","isPartOf":{"@id":"https:\/\/cpncavocats.com\/#website"},"datePublished":"2025-01-14T13:29:26+00:00","dateModified":"2025-02-11T14:46:04+00:00","breadcrumb":{"@id":"https:\/\/cpncavocats.com\/mentions-legales-2\/#breadcrumb"},"inLanguage":"en-GB","potentialAction":[{"@type":"ReadAction","target":["https:\/\/cpncavocats.com\/mentions-legales-2\/"]}]},{"@type":"BreadcrumbList","@id":"https:\/\/cpncavocats.com\/mentions-legales-2\/#breadcrumb","itemListElement":[{"@type":"ListItem","position":1,"name":"Accueil","item":"https:\/\/cpncavocats.com\/"},{"@type":"ListItem","position":2,"name":"Mentions L\u00e9gales"}]},{"@type":"WebSite","@id":"https:\/\/cpncavocats.com\/#website","url":"https:\/\/cpncavocats.com\/","name":"cpnc avocats","description":"CPNC AVOCATS","potentialAction":[{"@type":"SearchAction","target":{"@type":"EntryPoint","urlTemplate":"https:\/\/cpncavocats.com\/?s={search_term_string}"},"query-input":{"@type":"PropertyValueSpecification","valueRequired":true,"valueName":"search_term_string"}}],"inLanguage":"en-GB"}]}},"_links":{"self":[{"href":"https:\/\/cpncavocats.com\/en\/wp-json\/wp\/v2\/pages\/10118","targetHints":{"allow":["GET"]}}],"collection":[{"href":"https:\/\/cpncavocats.com\/en\/wp-json\/wp\/v2\/pages"}],"about":[{"href":"https:\/\/cpncavocats.com\/en\/wp-json\/wp\/v2\/types\/page"}],"author":[{"embeddable":true,"href":"https:\/\/cpncavocats.com\/en\/wp-json\/wp\/v2\/users\/1"}],"replies":[{"embeddable":true,"href":"https:\/\/cpncavocats.com\/en\/wp-json\/wp\/v2\/comments?post=10118"}],"version-history":[{"count":0,"href":"https:\/\/cpncavocats.com\/en\/wp-json\/wp\/v2\/pages\/10118\/revisions"}],"wp:attachment":[{"href":"https:\/\/cpncavocats.com\/en\/wp-json\/wp\/v2\/media?parent=10118"}],"curies":[{"name":"wp","href":"https:\/\/api.w.org\/{rel}","templated":true}]}}